{"id":7,"date":"2022-11-20T16:05:53","date_gmt":"2022-11-20T16:05:53","guid":{"rendered":"http:\/\/lillaryd.com\/?page_id=7"},"modified":"2023-01-10T21:39:00","modified_gmt":"2023-01-10T21:39:00","slug":"sida-under-uppbyggnad","status":"publish","type":"page","link":"https:\/\/lillaryd.com\/?page_id=7","title":{"rendered":"Lillaryd skogen"},"content":{"rendered":"\n<figure class=\"wp-block-image size-large\"><img decoding=\"async\" loading=\"lazy\" width=\"1024\" height=\"768\" src=\"https:\/\/lillaryd.com\/wp-content\/uploads\/2023\/01\/Lillaryd-Malning-1024x768.jpg\" alt=\"\" class=\"wp-image-14\" srcset=\"https:\/\/lillaryd.com\/wp-content\/uploads\/2023\/01\/Lillaryd-Malning-1024x768.jpg 1024w, https:\/\/lillaryd.com\/wp-content\/uploads\/2023\/01\/Lillaryd-Malning-300x225.jpg 300w, https:\/\/lillaryd.com\/wp-content\/uploads\/2023\/01\/Lillaryd-Malning-768x576.jpg 768w, https:\/\/lillaryd.com\/wp-content\/uploads\/2023\/01\/Lillaryd-Malning-1536x1152.jpg 1536w, https:\/\/lillaryd.com\/wp-content\/uploads\/2023\/01\/Lillaryd-Malning-2048x1536.jpg 2048w\" sizes=\"(max-width: 1024px) 100vw, 1024px\" \/><\/figure>\n\n\n\n<p>150 \u00e5r av skogsv\u00e5rdande aktiviteter med ett resultat av tr\u00e4d som v\u00e5rdats l\u00e4ngre \u00e4n byggnaderna varit p\u00e5 plats<\/p>\n\n\n\n<figure class=\"wp-block-image size-full\"><img decoding=\"async\" loading=\"lazy\" width=\"640\" height=\"480\" src=\"https:\/\/lillaryd.com\/wp-content\/uploads\/2023\/01\/Skog-bok.jpg\" alt=\"\" class=\"wp-image-16\" srcset=\"https:\/\/lillaryd.com\/wp-content\/uploads\/2023\/01\/Skog-bok.jpg 640w, https:\/\/lillaryd.com\/wp-content\/uploads\/2023\/01\/Skog-bok-300x225.jpg 300w\" sizes=\"(max-width: 640px) 100vw, 640px\" \/><figcaption class=\"wp-element-caption\">Bokskog under h\u00f6stens int\u00e5g, som levererat ekonomi, milj\u00f6 positivt och tagit upp ca3700 Ton CO2 i kvarvarande sedan tr\u00e4den b\u00f6rjat gro, och v\u00e4xt i mer \u00e4n 100 \u00e5r. Ett \u00e5rligt upptag av CO2 \u00e4r ber\u00e4knat i nuvarande v\u00e4xt cykel till ca 90 Ton\/\u00e5r. <\/figcaption><\/figure>\n","protected":false},"excerpt":{"rendered":"<p>150 \u00e5r av skogsv\u00e5rdande aktiviteter med ett resultat av tr\u00e4d som v\u00e5rdats l\u00e4ngre \u00e4n byggnaderna varit p\u00e5 plats<\/p>\n","protected":false},"author":2,"featured_media":0,"parent":0,"menu_order":0,"comment_status":"closed","ping_status":"closed","template":"","meta":{"om_disable_all_campaigns":false,"_monsterinsights_skip_tracking":false,"_monsterinsights_sitenote_active":false,"_monsterinsights_sitenote_note":"","_monsterinsights_sitenote_category":0},"aioseo_notices":[],"_links":{"self":[{"href":"https:\/\/lillaryd.com\/index.php?rest_route=\/wp\/v2\/pages\/7"}],"collection":[{"href":"https:\/\/lillaryd.com\/index.php?rest_route=\/wp\/v2\/pages"}],"about":[{"href":"https:\/\/lillaryd.com\/index.php?rest_route=\/wp\/v2\/types\/page"}],"author":[{"embeddable":true,"href":"https:\/\/lillaryd.com\/index.php?rest_route=\/wp\/v2\/users\/2"}],"replies":[{"embeddable":true,"href":"https:\/\/lillaryd.com\/index.php?rest_route=%2Fwp%2Fv2%2Fcomments&post=7"}],"version-history":[{"count":3,"href":"https:\/\/lillaryd.com\/index.php?rest_route=\/wp\/v2\/pages\/7\/revisions"}],"predecessor-version":[{"id":18,"href":"https:\/\/lillaryd.com\/index.php?rest_route=\/wp\/v2\/pages\/7\/revisions\/18"}],"wp:attachment":[{"href":"https:\/\/lillaryd.com\/index.php?rest_route=%2Fwp%2Fv2%2Fmedia&parent=7"}],"curies":[{"name":"wp","href":"https:\/\/api.w.org\/{rel}","templated":true}]}}